{"id":4231,"date":"2020-07-07T20:53:18","date_gmt":"2020-07-07T20:53:18","guid":{"rendered":"https:\/\/regacho.es\/noticias\/"},"modified":"2022-08-05T22:46:23","modified_gmt":"2022-08-05T22:46:23","slug":"noticias","status":"publish","type":"page","link":"https:\/\/regacho.es\/en\/noticias\/","title":{"rendered":"News"},"content":{"rendered":"\t\t<div data-elementor-type=\"wp-post\" data-elementor-id=\"4231\" class=\"elementor elementor-4231 elementor-3411\">\n\t\t\t\t\t\t<div class=\"elementor-inner\">\n\t\t\t\t<div class=\"elementor-section-wrap\">\n\t\t\t\t\t\t\t\t\t<section class=\"elementor-section elementor-top-section elementor-element elementor-element-72ebb97 elementor-section-stretched elementor-section-full_width elementor-section-height-default elementor-section-height-default\" data-id=\"72ebb97\" data-element_type=\"section\" data-settings=\"{&quot;stretch_section&quot;:&quot;section-stretched&quot;,&quot;background_background&quot;:&quot;classic&quot;}\">\n\t\t\t\t\t\t<div class=\"elementor-container elementor-column-gap-default\">\n\t\t\t\t\t\t\t<div class=\"elementor-row\">\n\t\t\t\t\t<div class=\"elementor-column elementor-col-100 elementor-top-column elementor-element elementor-element-85a1320\" data-id=\"85a1320\" data-element_type=\"column\">\n\t\t\t<div class=\"elementor-column-wrap elementor-element-populated\">\n\t\t\t\t\t\t\t<div class=\"elementor-widget-wrap\">\n\t\t\t\t\t\t<section class=\"elementor-section elementor-inner-section elementor-element elementor-element-89511ae elementor-section-boxed elementor-section-height-default elementor-section-height-default\" data-id=\"89511ae\" data-element_type=\"section\">\n\t\t\t\t\t\t<div class=\"elementor-container elementor-column-gap-default\">\n\t\t\t\t\t\t\t<div class=\"elementor-row\">\n\t\t\t\t\t<div class=\"elementor-column elementor-col-100 elementor-inner-column elementor-element elementor-element-043e3a8\" data-id=\"043e3a8\" data-element_type=\"column\">\n\t\t\t<div class=\"elementor-column-wrap elementor-element-populated\">\n\t\t\t\t\t\t\t<div class=\"elementor-widget-wrap\">\n\t\t\t\t\t\t<div class=\"elementor-element elementor-element-c6018c6 elementor-widget elementor-widget-heading\" data-id=\"c6018c6\" data-element_type=\"widget\" data-widget_type=\"heading.default\">\n\t\t\t\t<div class=\"elementor-widget-container\">\n\t\t\t<span class=\"elementor-heading-title elementor-size-default\">NEWS<\/span>\t\t<\/div>\n\t\t\t\t<\/div>\n\t\t\t\t<div class=\"elementor-element elementor-element-e11b9f9 elementor-widget-divider--view-line elementor-widget elementor-widget-divider\" data-id=\"e11b9f9\" data-element_type=\"widget\" data-widget_type=\"divider.default\">\n\t\t\t\t<div class=\"elementor-widget-container\">\n\t\t\t\t\t<div class=\"elementor-divider\">\n\t\t\t<span class=\"elementor-divider-separator\">\n\t\t\t\t\t\t<\/span>\n\t\t<\/div>\n\t\t\t\t<\/div>\n\t\t\t\t<\/div>\n\t\t\t\t\t\t<\/div>\n\t\t\t\t\t<\/div>\n\t\t<\/div>\n\t\t\t\t\t\t\t\t<\/div>\n\t\t\t\t\t<\/div>\n\t\t<\/section>\n\t\t\t\t<section class=\"elementor-section elementor-inner-section elementor-element elementor-element-2e2b8d4 elementor-section-boxed elementor-section-height-default elementor-section-height-default\" data-id=\"2e2b8d4\" data-element_type=\"section\" data-settings=\"{&quot;background_background&quot;:&quot;classic&quot;}\">\n\t\t\t\t\t\t\t<div class=\"elementor-background-overlay\"><\/div>\n\t\t\t\t\t\t\t<div class=\"elementor-container elementor-column-gap-default\">\n\t\t\t\t\t\t\t<div class=\"elementor-row\">\n\t\t\t\t\t<div class=\"elementor-column elementor-col-50 elementor-inner-column elementor-element elementor-element-2b6a0ec\" data-id=\"2b6a0ec\" data-element_type=\"column\">\n\t\t\t<div class=\"elementor-column-wrap elementor-element-populated\">\n\t\t\t\t\t\t\t<div class=\"elementor-widget-wrap\">\n\t\t\t\t\t\t<div class=\"elementor-element elementor-element-6c3d184 elementor-grid-1 elementor-grid-tablet-2 elementor-grid-mobile-1 elementor-posts--thumbnail-top elementor-widget elementor-widget-posts\" data-id=\"6c3d184\" data-element_type=\"widget\" data-settings=\"{&quot;classic_columns&quot;:&quot;1&quot;,&quot;pagination_type&quot;:&quot;prev_next&quot;,&quot;classic_columns_tablet&quot;:&quot;2&quot;,&quot;classic_columns_mobile&quot;:&quot;1&quot;,&quot;classic_row_gap&quot;:{&quot;unit&quot;:&quot;px&quot;,&quot;size&quot;:35,&quot;sizes&quot;:[]},&quot;classic_row_gap_tablet&quot;:{&quot;unit&quot;:&quot;px&quot;,&quot;size&quot;:&quot;&quot;,&quot;sizes&quot;:[]},&quot;classic_row_gap_mobile&quot;:{&quot;unit&quot;:&quot;px&quot;,&quot;size&quot;:&quot;&quot;,&quot;sizes&quot;:[]}}\" data-widget_type=\"posts.classic\">\n\t\t\t\t<div class=\"elementor-widget-container\">\n\t\t\t\t\t<div class=\"elementor-posts-container elementor-posts elementor-posts--skin-classic elementor-grid\">\n\t\t\t\t<article class=\"elementor-post elementor-grid-item post-4222 post type-post status-publish format-standard has-post-thumbnail hentry category-corporativo-en has-thumb\">\n\t\t\t\t<a class=\"elementor-post__thumbnail__link\" href=\"https:\/\/regacho.es\/en\/regacho-participa-en-el-arab-health-celebrado-en-dubai\/\" >\n\t\t\t<div class=\"elementor-post__thumbnail\"><img width=\"800\" height=\"533\" src=\"https:\/\/regacho.es\/wp-content\/uploads\/2022\/01\/regacho_arab_health_2022.png\" class=\"attachment-full size-full\" alt=\"\" loading=\"lazy\" \/><\/div>\n\t\t<\/a>\n\t\t\t\t<div class=\"elementor-post__text\">\n\t\t\t\t<h1 class=\"elementor-post__title\">\n\t\t\t<a href=\"https:\/\/regacho.es\/en\/regacho-participa-en-el-arab-health-celebrado-en-dubai\/\" >\n\t\t\t\tREGACHO PARTICIPATES IN ARAB HEALTH IN DUBAI\t\t\t<\/a>\n\t\t<\/h1>\n\t\t\t\t<div class=\"elementor-post__meta-data\">\n\t\t\t\t\t<span class=\"elementor-post-date\">\n\t\t\tJanuary 27, 2022\t\t<\/span>\n\t\t\t\t<span class=\"elementor-post-avatar\">\n\t\t\tNo Comments\t\t<\/span>\n\t\t\t\t<\/div>\n\t\t\t\t<div class=\"elementor-post__excerpt\">\n\t\t\t<p>REGACHO PARTICIPATES IN ARAB HEALTH IN DUBAI Regacho participated in the 2022 edition of the Arab Health international trade fair, held at the Dubai World Trade Centre. An event that returned in 2022 as a one-stop event for the healthcare<\/p>\n\t\t<\/div>\n\t\t\n\t\t<a class=\"elementor-post__read-more\" href=\"https:\/\/regacho.es\/en\/regacho-participa-en-el-arab-health-celebrado-en-dubai\/\" >\n\t\t\tLeer M\u00e1s \u00bb\t\t<\/a>\n\n\t\t\t\t<\/div>\n\t\t\t\t<\/article>\n\t\t\t\t<article class=\"elementor-post elementor-grid-item post-4251 post type-post status-publish format-standard has-post-thumbnail hentry category-corporativo-en has-thumb\">\n\t\t\t\t<a class=\"elementor-post__thumbnail__link\" href=\"https:\/\/regacho.es\/en\/regacho-participa-en-la-guia-de-gestion-y-mantenimiento-de-instalaciones-hospitalarias\/\" >\n\t\t\t<div class=\"elementor-post__thumbnail\"><img width=\"900\" height=\"806\" src=\"https:\/\/regacho.es\/wp-content\/uploads\/2021\/11\/regacho_guia_gestion_mantenimiento_hospitales.jpg\" class=\"attachment-full size-full\" alt=\"\" loading=\"lazy\" \/><\/div>\n\t\t<\/a>\n\t\t\t\t<div class=\"elementor-post__text\">\n\t\t\t\t<h1 class=\"elementor-post__title\">\n\t\t\t<a href=\"https:\/\/regacho.es\/en\/regacho-participa-en-la-guia-de-gestion-y-mantenimiento-de-instalaciones-hospitalarias\/\" >\n\t\t\t\tREGACHO PARTICIPATES IN THE GUIDE TO MANAGEMENT AND MAINTENANCE OF HOSPITAL FACILITIES\t\t\t<\/a>\n\t\t<\/h1>\n\t\t\t\t<div class=\"elementor-post__meta-data\">\n\t\t\t\t\t<span class=\"elementor-post-date\">\n\t\t\tNovember 11, 2021\t\t<\/span>\n\t\t\t\t<span class=\"elementor-post-avatar\">\n\t\t\tNo Comments\t\t<\/span>\n\t\t\t\t<\/div>\n\t\t\t\t<div class=\"elementor-post__excerpt\">\n\t\t\t<p>REGACHO PARTICIPATES IN THE GUIDE TO MANAGEMENT AND MAINTENANCE OF HOSPITAL FACILITIES Regacho Ingenier\u00eda has participated in the new Guide to the Management and Maintenance of Hospital Facilities, which has been prepared by the Medical and Healthcare Engineering Commission of<\/p>\n\t\t<\/div>\n\t\t\n\t\t<a class=\"elementor-post__read-more\" href=\"https:\/\/regacho.es\/en\/regacho-participa-en-la-guia-de-gestion-y-mantenimiento-de-instalaciones-hospitalarias\/\" >\n\t\t\tLeer M\u00e1s \u00bb\t\t<\/a>\n\n\t\t\t\t<\/div>\n\t\t\t\t<\/article>\n\t\t\t\t<article class=\"elementor-post elementor-grid-item post-4256 post type-post status-publish format-standard has-post-thumbnail hentry category-corporativo-en has-thumb\">\n\t\t\t\t<a class=\"elementor-post__thumbnail__link\" href=\"https:\/\/regacho.es\/en\/regacho-proveedor-de-la-clinica-universitaria-navarra-en-madrid\/\" >\n\t\t\t<div class=\"elementor-post__thumbnail\"><img width=\"1280\" height=\"600\" src=\"https:\/\/regacho.es\/wp-content\/uploads\/2020\/11\/regacho_otxotorena_clinica_navarra.jpg\" class=\"attachment-full size-full\" alt=\"\" loading=\"lazy\" \/><\/div>\n\t\t<\/a>\n\t\t\t\t<div class=\"elementor-post__text\">\n\t\t\t\t<h1 class=\"elementor-post__title\">\n\t\t\t<a href=\"https:\/\/regacho.es\/en\/regacho-proveedor-de-la-clinica-universitaria-navarra-en-madrid\/\" >\n\t\t\t\tREGACHO, SUPPLIER OF THE CL\u00cdNICA UNIVERSITARIA NAVARRA IN MADRID\t\t\t<\/a>\n\t\t<\/h1>\n\t\t\t\t<div class=\"elementor-post__meta-data\">\n\t\t\t\t\t<span class=\"elementor-post-date\">\n\t\t\tNovember 4, 2020\t\t<\/span>\n\t\t\t\t<span class=\"elementor-post-avatar\">\n\t\t\tNo Comments\t\t<\/span>\n\t\t\t\t<\/div>\n\t\t\t\t<div class=\"elementor-post__excerpt\">\n\t\t\t<p>REGACHO, SUPPLIER OF THE CL\u00cdNICA UNIVERSITARIA NAVARRA IN MADRID Electromec\u00e1nica Regacho has been appointed to supply the laundry collection system for the Cl\u00ednica Universitaria Navarra in Madrid. Details of this prestigious hospital project have been published on the architecture and<\/p>\n\t\t<\/div>\n\t\t\n\t\t<a class=\"elementor-post__read-more\" href=\"https:\/\/regacho.es\/en\/regacho-proveedor-de-la-clinica-universitaria-navarra-en-madrid\/\" >\n\t\t\tLeer M\u00e1s \u00bb\t\t<\/a>\n\n\t\t\t\t<\/div>\n\t\t\t\t<\/article>\n\t\t\t\t<\/div>\n\n\n\t\t\n\t\t\t\t<\/div>\n\t\t\t\t<\/div>\n\t\t\t\t<div class=\"elementor-element elementor-element-9c70501 elementor-widget-divider--view-line elementor-widget elementor-widget-divider\" data-id=\"9c70501\" data-element_type=\"widget\" data-widget_type=\"divider.default\">\n\t\t\t\t<div class=\"elementor-widget-container\">\n\t\t\t\t\t<div class=\"elementor-divider\">\n\t\t\t<span class=\"elementor-divider-separator\">\n\t\t\t\t\t\t<\/span>\n\t\t<\/div>\n\t\t\t\t<\/div>\n\t\t\t\t<\/div>\n\t\t\t\t\t\t<\/div>\n\t\t\t\t\t<\/div>\n\t\t<\/div>\n\t\t\t\t<div class=\"elementor-column elementor-col-50 elementor-inner-column elementor-element elementor-element-15859f5\" data-id=\"15859f5\" data-element_type=\"column\">\n\t\t\t<div class=\"elementor-column-wrap elementor-element-populated\">\n\t\t\t\t\t\t\t<div class=\"elementor-widget-wrap\">\n\t\t\t\t\t\t<div class=\"elementor-element elementor-element-c401556 elementor-widget elementor-widget-heading\" data-id=\"c401556\" data-element_type=\"widget\" data-widget_type=\"heading.default\">\n\t\t\t\t<div class=\"elementor-widget-container\">\n\t\t\t<span class=\"elementor-heading-title elementor-size-default\">PRODUCTS:<\/span>\t\t<\/div>\n\t\t\t\t<\/div>\n\t\t\t\t<div class=\"elementor-element elementor-element-bff22c7 elementor-widget elementor-widget-text-editor\" data-id=\"bff22c7\" data-element_type=\"widget\" data-widget_type=\"text-editor.default\">\n\t\t\t\t<div class=\"elementor-widget-container\">\n\t\t\t\t\t\t\t\t<div class=\"elementor-text-editor elementor-clearfix\">\n\t\t\t\t<p><a href=\"https:\/\/regacho.es\/en\/transporte-neumatico-de-muestras\/\">PNEUMATIC TUBE SYSTEM (PTS)<\/a><\/p>\t\t\t\t\t<\/div>\n\t\t\t\t\t\t<\/div>\n\t\t\t\t<\/div>\n\t\t\t\t<div class=\"elementor-element elementor-element-201c6c8 elementor-widget elementor-widget-text-editor\" data-id=\"201c6c8\" data-element_type=\"widget\" data-widget_type=\"text-editor.default\">\n\t\t\t\t<div class=\"elementor-widget-container\">\n\t\t\t\t\t\t\t\t<div class=\"elementor-text-editor elementor-clearfix\">\n\t\t\t\t<p><a href=\"https:\/\/regacho.es\/en\/sistemas-de-recogida-de-ropa-sucia\/\">AUTOMATIC WASTE AND LAUNDRY SYSTEM (AWSL)<\/a><\/p>\t\t\t\t\t<\/div>\n\t\t\t\t\t\t<\/div>\n\t\t\t\t<\/div>\n\t\t\t\t<div class=\"elementor-element elementor-element-20585d9 elementor-widget elementor-widget-text-editor\" data-id=\"20585d9\" data-element_type=\"widget\" data-widget_type=\"text-editor.default\">\n\t\t\t\t<div class=\"elementor-widget-container\">\n\t\t\t\t\t\t\t\t<div class=\"elementor-text-editor elementor-clearfix\">\n\t\t\t\t<p><a href=\"https:\/\/regacho.es\/en\/automatizacion-de-farmacias\/\">PHARMACY AUTOMATION<\/a><\/p>\t\t\t\t\t<\/div>\n\t\t\t\t\t\t<\/div>\n\t\t\t\t<\/div>\n\t\t\t\t<div class=\"elementor-element elementor-element-b4cc05c elementor-widget elementor-widget-text-editor\" data-id=\"b4cc05c\" data-element_type=\"widget\" data-widget_type=\"text-editor.default\">\n\t\t\t\t<div class=\"elementor-widget-container\">\n\t\t\t\t\t\t\t\t<div class=\"elementor-text-editor elementor-clearfix\">\n\t\t\t\t<p><a href=\"https:\/\/regacho.es\/en\/vehiculos-autoguiados-agv\/\">AUTOMATED GUIDED VEHICLES (AGV)<\/a><\/p>\t\t\t\t\t<\/div>\n\t\t\t\t\t\t<\/div>\n\t\t\t\t<\/div>\n\t\t\t\t<div class=\"elementor-element elementor-element-cfc1624 elementor-widget elementor-widget-heading\" data-id=\"cfc1624\" data-element_type=\"widget\" data-widget_type=\"heading.default\">\n\t\t\t\t<div class=\"elementor-widget-container\">\n\t\t\t<span class=\"elementor-heading-title elementor-size-default\">SERVICES:<\/span>\t\t<\/div>\n\t\t\t\t<\/div>\n\t\t\t\t<div class=\"elementor-element elementor-element-8e09734 elementor-widget elementor-widget-text-editor\" data-id=\"8e09734\" data-element_type=\"widget\" data-widget_type=\"text-editor.default\">\n\t\t\t\t<div class=\"elementor-widget-container\">\n\t\t\t\t\t\t\t\t<div class=\"elementor-text-editor elementor-clearfix\">\n\t\t\t\t<p><a href=\"https:\/\/regacho.es\/en\/proyectos\/\">PROJECTS<\/a><\/p>\t\t\t\t\t<\/div>\n\t\t\t\t\t\t<\/div>\n\t\t\t\t<\/div>\n\t\t\t\t<div class=\"elementor-element elementor-element-f34a02d elementor-widget elementor-widget-text-editor\" data-id=\"f34a02d\" data-element_type=\"widget\" data-widget_type=\"text-editor.default\">\n\t\t\t\t<div class=\"elementor-widget-container\">\n\t\t\t\t\t\t\t\t<div class=\"elementor-text-editor elementor-clearfix\">\n\t\t\t\t<p><a href=\"https:\/\/regacho.es\/en\/actualizacion-de-sistemas\/\">SYSTEM UPGRADES<\/a><\/p>\t\t\t\t\t<\/div>\n\t\t\t\t\t\t<\/div>\n\t\t\t\t<\/div>\n\t\t\t\t<div class=\"elementor-element elementor-element-766b903 elementor-widget elementor-widget-text-editor\" data-id=\"766b903\" data-element_type=\"widget\" data-widget_type=\"text-editor.default\">\n\t\t\t\t<div class=\"elementor-widget-container\">\n\t\t\t\t\t\t\t\t<div class=\"elementor-text-editor elementor-clearfix\">\n\t\t\t\t<p><a href=\"https:\/\/regacho.es\/en\/asistencia-tecnica\/\">TECHNICAL ASSISTANCE<\/a><\/p>\t\t\t\t\t<\/div>\n\t\t\t\t\t\t<\/div>\n\t\t\t\t<\/div>\n\t\t\t\t<div class=\"elementor-element elementor-element-91f79e8 elementor-widget elementor-widget-text-editor\" data-id=\"91f79e8\" data-element_type=\"widget\" data-widget_type=\"text-editor.default\">\n\t\t\t\t<div class=\"elementor-widget-container\">\n\t\t\t\t\t\t\t\t<div class=\"elementor-text-editor elementor-clearfix\">\n\t\t\t\t<p><a href=\"https:\/\/regacho.es\/en\/mantenimiento\/\">MAINTENANCE<\/a><\/p>\t\t\t\t\t<\/div>\n\t\t\t\t\t\t<\/div>\n\t\t\t\t<\/div>\n\t\t\t\t<div class=\"elementor-element elementor-element-bd71eb6 elementor-widget elementor-widget-text-editor\" data-id=\"bd71eb6\" data-element_type=\"widget\" data-widget_type=\"text-editor.default\">\n\t\t\t\t<div class=\"elementor-widget-container\">\n\t\t\t\t\t\t\t\t<div class=\"elementor-text-editor elementor-clearfix\">\n\t\t\t\t<p><a href=\"https:\/\/regacho.es\/en\/eficiencia-energetica\/\">ENERGY EFFICIENCY<\/a><\/p>\t\t\t\t\t<\/div>\n\t\t\t\t\t\t<\/div>\n\t\t\t\t<\/div>\n\t\t\t\t\t\t<\/div>\n\t\t\t\t\t<\/div>\n\t\t<\/div>\n\t\t\t\t\t\t\t\t<\/div>\n\t\t\t\t\t<\/div>\n\t\t<\/section>\n\t\t\t\t\t\t<\/div>\n\t\t\t\t\t<\/div>\n\t\t<\/div>\n\t\t\t\t\t\t\t\t<\/div>\n\t\t\t\t\t<\/div>\n\t\t<\/section>\n\t\t\t\t\t\t\t\t\t<\/div>\n\t\t\t<\/div>\n\t\t\t\t\t<\/div>\n\t\t","protected":false},"excerpt":{"rendered":"<p>NEWS PRODUCTS: PNEUMATIC TUBE SYSTEM (PTS) AUTOMATIC WASTE AND LAUNDRY SYSTEM (AWSL) PHARMACY AUTOMATION AUTOMATED GUIDED VEHICLES (AGV) SERVICES: PROJECTS SYSTEM UPGRADES TECHNICAL ASSISTANCE MAINTENANCE ENERGY EFFICIENCY<\/p>\n","protected":false},"author":1,"featured_media":0,"parent":0,"menu_order":0,"comment_status":"closed","ping_status":"closed","template":"elementor_header_footer","meta":[],"yoast_head":"<!-- This site is optimized with the Yoast SEO plugin v18.2 - https:\/\/yoast.com\/wordpress\/plugins\/seo\/ -->\n<title>News - REGACHO %<\/title>\n<meta name=\"description\" content=\"Transporte Neum\u00e1tico de Muestras Regacho. Nuestras instalaciones cubren un amplio rango de necesidades para el transporte neum\u00e1tico o traslado de muestras.\" \/>\n<meta name=\"robots\" content=\"index, follow, max-snippet:-1, max-image-preview:large, max-video-preview:-1\" \/>\n<link rel=\"canonical\" href=\"http:\/\/regacho.es\/en\/noticias\/\" \/>\n<meta property=\"og:locale\" content=\"en_US\" \/>\n<meta property=\"og:type\" content=\"article\" \/>\n<meta property=\"og:title\" content=\"News - REGACHO %\" \/>\n<meta property=\"og:description\" content=\"Transporte Neum\u00e1tico de Muestras Regacho. Nuestras instalaciones cubren un amplio rango de necesidades para el transporte neum\u00e1tico o traslado de muestras.\" \/>\n<meta property=\"og:url\" content=\"http:\/\/regacho.es\/en\/noticias\/\" \/>\n<meta property=\"og:site_name\" content=\"REGACHO\" \/>\n<meta property=\"article:modified_time\" content=\"2022-08-05T22:46:23+00:00\" \/>\n<meta name=\"twitter:card\" content=\"summary_large_image\" \/>\n<meta name=\"twitter:label1\" content=\"Est. reading time\" \/>\n\t<meta name=\"twitter:data1\" content=\"1 minute\" \/>\n<script type=\"application\/ld+json\" class=\"yoast-schema-graph\">{\"@context\":\"https:\/\/schema.org\",\"@graph\":[{\"@type\":\"Organization\",\"@id\":\"https:\/\/regacho.es\/#organization\",\"name\":\"REGACHO\",\"url\":\"https:\/\/regacho.es\/\",\"sameAs\":[],\"logo\":{\"@type\":\"ImageObject\",\"@id\":\"https:\/\/regacho.es\/#logo\",\"inLanguage\":\"en-US\",\"url\":\"https:\/\/regacho.es\/wp-content\/uploads\/2018\/10\/logo_peque_fin_blanco-1.png\",\"contentUrl\":\"https:\/\/regacho.es\/wp-content\/uploads\/2018\/10\/logo_peque_fin_blanco-1.png\",\"width\":250,\"height\":75,\"caption\":\"REGACHO\"},\"image\":{\"@id\":\"https:\/\/regacho.es\/#logo\"}},{\"@type\":\"WebSite\",\"@id\":\"https:\/\/regacho.es\/#website\",\"url\":\"https:\/\/regacho.es\/\",\"name\":\"REGACHO\",\"description\":\"Transporte neum\u00e1tico e Ingenier\u00eda Cl\u00ednica\",\"publisher\":{\"@id\":\"https:\/\/regacho.es\/#organization\"},\"potentialAction\":[{\"@type\":\"SearchAction\",\"target\":{\"@type\":\"EntryPoint\",\"urlTemplate\":\"https:\/\/regacho.es\/?s={search_term_string}\"},\"query-input\":\"required name=search_term_string\"}],\"inLanguage\":\"en-US\"},{\"@type\":\"WebPage\",\"@id\":\"http:\/\/regacho.es\/en\/noticias\/#webpage\",\"url\":\"http:\/\/regacho.es\/en\/noticias\/\",\"name\":\"News - REGACHO %\",\"isPartOf\":{\"@id\":\"https:\/\/regacho.es\/#website\"},\"datePublished\":\"2020-07-07T20:53:18+00:00\",\"dateModified\":\"2022-08-05T22:46:23+00:00\",\"description\":\"Transporte Neum\u00e1tico de Muestras Regacho. Nuestras instalaciones cubren un amplio rango de necesidades para el transporte neum\u00e1tico o traslado de muestras.\",\"breadcrumb\":{\"@id\":\"http:\/\/regacho.es\/en\/noticias\/#breadcrumb\"},\"inLanguage\":\"en-US\",\"potentialAction\":[{\"@type\":\"ReadAction\",\"target\":[\"http:\/\/regacho.es\/en\/noticias\/\"]}]},{\"@type\":\"BreadcrumbList\",\"@id\":\"http:\/\/regacho.es\/en\/noticias\/#breadcrumb\",\"itemListElement\":[{\"@type\":\"ListItem\",\"position\":1,\"name\":\"Home\",\"item\":\"http:\/\/regacho.es\/en\/\"},{\"@type\":\"ListItem\",\"position\":2,\"name\":\"News\"}]}]}<\/script>\n<!-- \/ Yoast SEO plugin. -->","yoast_head_json":{"title":"News - REGACHO %","description":"Transporte Neum\u00e1tico de Muestras Regacho. Nuestras instalaciones cubren un amplio rango de necesidades para el transporte neum\u00e1tico o traslado de muestras.","robots":{"index":"index","follow":"follow","max-snippet":"max-snippet:-1","max-image-preview":"max-image-preview:large","max-video-preview":"max-video-preview:-1"},"canonical":"http:\/\/regacho.es\/en\/noticias\/","og_locale":"en_US","og_type":"article","og_title":"News - REGACHO %","og_description":"Transporte Neum\u00e1tico de Muestras Regacho. Nuestras instalaciones cubren un amplio rango de necesidades para el transporte neum\u00e1tico o traslado de muestras.","og_url":"http:\/\/regacho.es\/en\/noticias\/","og_site_name":"REGACHO","article_modified_time":"2022-08-05T22:46:23+00:00","twitter_card":"summary_large_image","twitter_misc":{"Est. reading time":"1 minute"},"schema":{"@context":"https:\/\/schema.org","@graph":[{"@type":"Organization","@id":"https:\/\/regacho.es\/#organization","name":"REGACHO","url":"https:\/\/regacho.es\/","sameAs":[],"logo":{"@type":"ImageObject","@id":"https:\/\/regacho.es\/#logo","inLanguage":"en-US","url":"https:\/\/regacho.es\/wp-content\/uploads\/2018\/10\/logo_peque_fin_blanco-1.png","contentUrl":"https:\/\/regacho.es\/wp-content\/uploads\/2018\/10\/logo_peque_fin_blanco-1.png","width":250,"height":75,"caption":"REGACHO"},"image":{"@id":"https:\/\/regacho.es\/#logo"}},{"@type":"WebSite","@id":"https:\/\/regacho.es\/#website","url":"https:\/\/regacho.es\/","name":"REGACHO","description":"Transporte neum\u00e1tico e Ingenier\u00eda Cl\u00ednica","publisher":{"@id":"https:\/\/regacho.es\/#organization"},"potentialAction":[{"@type":"SearchAction","target":{"@type":"EntryPoint","urlTemplate":"https:\/\/regacho.es\/?s={search_term_string}"},"query-input":"required name=search_term_string"}],"inLanguage":"en-US"},{"@type":"WebPage","@id":"http:\/\/regacho.es\/en\/noticias\/#webpage","url":"http:\/\/regacho.es\/en\/noticias\/","name":"News - REGACHO %","isPartOf":{"@id":"https:\/\/regacho.es\/#website"},"datePublished":"2020-07-07T20:53:18+00:00","dateModified":"2022-08-05T22:46:23+00:00","description":"Transporte Neum\u00e1tico de Muestras Regacho. Nuestras instalaciones cubren un amplio rango de necesidades para el transporte neum\u00e1tico o traslado de muestras.","breadcrumb":{"@id":"http:\/\/regacho.es\/en\/noticias\/#breadcrumb"},"inLanguage":"en-US","potentialAction":[{"@type":"ReadAction","target":["http:\/\/regacho.es\/en\/noticias\/"]}]},{"@type":"BreadcrumbList","@id":"http:\/\/regacho.es\/en\/noticias\/#breadcrumb","itemListElement":[{"@type":"ListItem","position":1,"name":"Home","item":"http:\/\/regacho.es\/en\/"},{"@type":"ListItem","position":2,"name":"News"}]}]}},"_links":{"self":[{"href":"https:\/\/regacho.es\/en\/wp-json\/wp\/v2\/pages\/4231"}],"collection":[{"href":"https:\/\/regacho.es\/en\/wp-json\/wp\/v2\/pages"}],"about":[{"href":"https:\/\/regacho.es\/en\/wp-json\/wp\/v2\/types\/page"}],"author":[{"embeddable":true,"href":"https:\/\/regacho.es\/en\/wp-json\/wp\/v2\/users\/1"}],"replies":[{"embeddable":true,"href":"https:\/\/regacho.es\/en\/wp-json\/wp\/v2\/comments?post=4231"}],"version-history":[{"count":10,"href":"https:\/\/regacho.es\/en\/wp-json\/wp\/v2\/pages\/4231\/revisions"}],"predecessor-version":[{"id":4250,"href":"https:\/\/regacho.es\/en\/wp-json\/wp\/v2\/pages\/4231\/revisions\/4250"}],"wp:attachment":[{"href":"https:\/\/regacho.es\/en\/wp-json\/wp\/v2\/media?parent=4231"}],"curies":[{"name":"wp","href":"https:\/\/api.w.org\/{rel}","templated":true}]}}