{"id":4261,"date":"2017-06-27T13:03:25","date_gmt":"2017-06-27T13:03:25","guid":{"rendered":"https:\/\/regacho.es\/contacto\/"},"modified":"2022-08-05T23:13:17","modified_gmt":"2022-08-05T23:13:17","slug":"contacto","status":"publish","type":"page","link":"https:\/\/regacho.es\/en\/contacto\/","title":{"rendered":"Contact"},"content":{"rendered":"\t\t<div data-elementor-type=\"wp-post\" data-elementor-id=\"4261\" class=\"elementor elementor-4261 elementor-294\">\n\t\t\t\t\t\t<div class=\"elementor-inner\">\n\t\t\t\t<div class=\"elementor-section-wrap\">\n\t\t\t\t\t\t\t\t\t<section class=\"elementor-section elementor-top-section elementor-element elementor-element-3193a9b elementor-section-boxed elementor-section-height-default elementor-section-height-default\" data-id=\"3193a9b\" data-element_type=\"section\" data-settings=\"{&quot;background_background&quot;:&quot;classic&quot;}\">\n\t\t\t\t\t\t<div class=\"elementor-container elementor-column-gap-default\">\n\t\t\t\t\t\t\t<div class=\"elementor-row\">\n\t\t\t\t\t<div class=\"elementor-column elementor-col-50 elementor-top-column elementor-element elementor-element-ec386cd\" data-id=\"ec386cd\" data-element_type=\"column\">\n\t\t\t<div class=\"elementor-column-wrap elementor-element-populated\">\n\t\t\t\t\t\t\t<div class=\"elementor-widget-wrap\">\n\t\t\t\t\t\t<div class=\"elementor-element elementor-element-e92c6cb elementor-position-left elementor-view-default elementor-mobile-position-top elementor-vertical-align-top elementor-widget elementor-widget-icon-box\" data-id=\"e92c6cb\" data-element_type=\"widget\" data-widget_type=\"icon-box.default\">\n\t\t\t\t<div class=\"elementor-widget-container\">\n\t\t\t\t\t<div class=\"elementor-icon-box-wrapper\">\n\t\t\t\t\t\t<div class=\"elementor-icon-box-icon\">\n\t\t\t\t<span class=\"elementor-icon elementor-animation-\" >\n\t\t\t\t<i aria-hidden=\"true\" class=\"fas fa-phone\"><\/i>\t\t\t\t<\/span>\n\t\t\t<\/div>\n\t\t\t\t\t\t<div class=\"elementor-icon-box-content\">\n\t\t\t\t<span class=\"elementor-icon-box-title\">\n\t\t\t\t\t<span  >\n\t\t\t\t\t\tPHONE\t\t\t\t\t<\/span>\n\t\t\t\t<\/span>\n\t\t\t\t\t\t\t\t\t<p class=\"elementor-icon-box-description\">\n\t\t\t\t\t\t918 844 913 <br>\n902 363 894\n\n\n\t\t\t\t\t<\/p>\n\t\t\t\t\t\t\t<\/div>\n\t\t<\/div>\n\t\t\t\t<\/div>\n\t\t\t\t<\/div>\n\t\t\t\t\t\t<\/div>\n\t\t\t\t\t<\/div>\n\t\t<\/div>\n\t\t\t\t<div class=\"elementor-column elementor-col-50 elementor-top-column elementor-element elementor-element-65843e1\" data-id=\"65843e1\" data-element_type=\"column\">\n\t\t\t<div class=\"elementor-column-wrap elementor-element-populated\">\n\t\t\t\t\t\t\t<div class=\"elementor-widget-wrap\">\n\t\t\t\t\t\t<div class=\"elementor-element elementor-element-5318ae2 elementor-position-left elementor-view-default elementor-mobile-position-top elementor-vertical-align-top elementor-widget elementor-widget-icon-box\" data-id=\"5318ae2\" data-element_type=\"widget\" data-widget_type=\"icon-box.default\">\n\t\t\t\t<div class=\"elementor-widget-container\">\n\t\t\t\t\t<div class=\"elementor-icon-box-wrapper\">\n\t\t\t\t\t\t<div class=\"elementor-icon-box-icon\">\n\t\t\t\t<span class=\"elementor-icon elementor-animation-\" >\n\t\t\t\t<i aria-hidden=\"true\" class=\"far fa-envelope\"><\/i>\t\t\t\t<\/span>\n\t\t\t<\/div>\n\t\t\t\t\t\t<div class=\"elementor-icon-box-content\">\n\t\t\t\t<span class=\"elementor-icon-box-title\">\n\t\t\t\t\t<span  >\n\t\t\t\t\t\tSEND US A E-MAIL\t\t\t\t\t<\/span>\n\t\t\t\t<\/span>\n\t\t\t\t\t\t\t\t\t<p class=\"elementor-icon-box-description\">\n\t\t\t\t\t\tinfo@regacho.com\t\t\t\t\t<\/p>\n\t\t\t\t\t\t\t<\/div>\n\t\t<\/div>\n\t\t\t\t<\/div>\n\t\t\t\t<\/div>\n\t\t\t\t\t\t<\/div>\n\t\t\t\t\t<\/div>\n\t\t<\/div>\n\t\t\t\t\t\t\t\t<\/div>\n\t\t\t\t\t<\/div>\n\t\t<\/section>\n\t\t\t\t<section class=\"elementor-section elementor-top-section elementor-element elementor-element-nmazwbm elementor-section-boxed elementor-section-height-default elementor-section-height-default\" data-id=\"nmazwbm\" data-element_type=\"section\" data-settings=\"{&quot;background_background&quot;:&quot;gradient&quot;}\">\n\t\t\t\t\t\t<div class=\"elementor-container elementor-column-gap-no\">\n\t\t\t\t\t\t\t<div class=\"elementor-row\">\n\t\t\t\t\t<div class=\"elementor-column elementor-col-50 elementor-top-column elementor-element elementor-element-99c0082\" data-id=\"99c0082\" data-element_type=\"column\" data-settings=\"{&quot;background_background&quot;:&quot;classic&quot;}\">\n\t\t\t<div class=\"elementor-column-wrap elementor-element-populated\">\n\t\t\t\t\t\t\t<div class=\"elementor-widget-wrap\">\n\t\t\t\t\t\t<div class=\"elementor-element elementor-element-03d915c elementor-widget elementor-widget-heading\" data-id=\"03d915c\" data-element_type=\"widget\" data-widget_type=\"heading.default\">\n\t\t\t\t<div class=\"elementor-widget-container\">\n\t\t\t<span class=\"elementor-heading-title elementor-size-default\">contact us\n<\/span>\t\t<\/div>\n\t\t\t\t<\/div>\n\t\t\t\t<div class=\"elementor-element elementor-element-4c786ef elementor-hidden-phone elementor-widget-divider--view-line elementor-widget elementor-widget-divider\" data-id=\"4c786ef\" data-element_type=\"widget\" data-widget_type=\"divider.default\">\n\t\t\t\t<div class=\"elementor-widget-container\">\n\t\t\t\t\t<div class=\"elementor-divider\">\n\t\t\t<span class=\"elementor-divider-separator\">\n\t\t\t\t\t\t<\/span>\n\t\t<\/div>\n\t\t\t\t<\/div>\n\t\t\t\t<\/div>\n\t\t\t\t<section class=\"elementor-section elementor-inner-section elementor-element elementor-element-83c6278 elementor-section-boxed elementor-section-height-default elementor-section-height-default\" data-id=\"83c6278\" data-element_type=\"section\">\n\t\t\t\t\t\t<div class=\"elementor-container elementor-column-gap-default\">\n\t\t\t\t\t\t\t<div class=\"elementor-row\">\n\t\t\t\t\t<div class=\"elementor-column elementor-col-100 elementor-inner-column elementor-element elementor-element-b18702c\" data-id=\"b18702c\" data-element_type=\"column\">\n\t\t\t<div class=\"elementor-column-wrap elementor-element-populated\">\n\t\t\t\t\t\t\t<div class=\"elementor-widget-wrap\">\n\t\t\t\t\t\t<div class=\"elementor-element elementor-element-c5e4334 elementor-widget elementor-widget-shortcode\" data-id=\"c5e4334\" data-element_type=\"widget\" data-widget_type=\"shortcode.default\">\n\t\t\t\t<div class=\"elementor-widget-container\">\n\t\t\t\t\t<div class=\"elementor-shortcode\"><div role=\"form\" class=\"wpcf7\" id=\"wpcf7-f4267-o1\" lang=\"en-US\" dir=\"ltr\">\n<div class=\"screen-reader-response\"><p role=\"status\" aria-live=\"polite\" aria-atomic=\"true\"><\/p> <ul><\/ul><\/div>\n<form action=\"\/en\/wp-json\/wp\/v2\/pages\/4261#wpcf7-f4267-o1\" method=\"post\" class=\"wpcf7-form init\" novalidate=\"novalidate\" data-status=\"init\">\n<div style=\"display: none;\">\n<input type=\"hidden\" name=\"_wpcf7\" value=\"4267\" \/>\n<input type=\"hidden\" name=\"_wpcf7_version\" value=\"5.4\" \/>\n<input type=\"hidden\" name=\"_wpcf7_locale\" value=\"en_US\" \/>\n<input type=\"hidden\" name=\"_wpcf7_unit_tag\" value=\"wpcf7-f4267-o1\" \/>\n<input type=\"hidden\" name=\"_wpcf7_container_post\" value=\"0\" \/>\n<input type=\"hidden\" name=\"_wpcf7_posted_data_hash\" value=\"\" \/>\n<\/div>\n<p><label> Your name (required)<br \/>\n    <span class=\"wpcf7-form-control-wrap your-name\"><input type=\"text\" name=\"your-name\" value=\"\" size=\"40\" class=\"wpcf7-form-control wpcf7-text wpcf7-validates-as-required\" aria-required=\"true\" aria-invalid=\"false\" \/><\/span> <\/label><\/p>\n<p><label> Your Email (required)<br \/>\n    <span class=\"wpcf7-form-control-wrap your-email\"><input type=\"email\" name=\"your-email\" value=\"\" size=\"40\" class=\"wpcf7-form-control wpcf7-text wpcf7-email wpcf7-validates-as-required wpcf7-validates-as-email\" aria-required=\"true\" aria-invalid=\"false\" \/><\/span> <\/label><\/p>\n<p><label> Subject<br \/>\n    <span class=\"wpcf7-form-control-wrap your-subject\"><input type=\"text\" name=\"your-subject\" value=\"\" size=\"40\" class=\"wpcf7-form-control wpcf7-text\" aria-invalid=\"false\" \/><\/span> <\/label><\/p>\n<p><label> Your Message<br \/>\n    <span class=\"wpcf7-form-control-wrap your-message\"><textarea name=\"your-message\" cols=\"40\" rows=\"10\" class=\"wpcf7-form-control wpcf7-textarea\" aria-invalid=\"false\"><\/textarea><\/span> <\/label><\/p>\n<p><span class=\"wpcf7-form-control-wrap Aceptolapolticadeprivacidad\"><span class=\"wpcf7-form-control wpcf7-acceptance\"><span class=\"wpcf7-list-item\"><input type=\"checkbox\" name=\"Aceptolapolticadeprivacidad\" value=\"1\" aria-invalid=\"false\" \/><\/span><\/span><\/span> I accept the Privacy Policy<\/p>\n<p><input type=\"submit\" value=\"Send\" class=\"wpcf7-form-control wpcf7-submit\" \/><\/p>\n<div class=\"wpcf7-response-output\" aria-hidden=\"true\"><\/div><\/form><\/div><\/div>\n\t\t\t\t<\/div>\n\t\t\t\t<\/div>\n\t\t\t\t\t\t<\/div>\n\t\t\t\t\t<\/div>\n\t\t<\/div>\n\t\t\t\t\t\t\t\t<\/div>\n\t\t\t\t\t<\/div>\n\t\t<\/section>\n\t\t\t\t\t\t<\/div>\n\t\t\t\t\t<\/div>\n\t\t<\/div>\n\t\t\t\t<div class=\"elementor-column elementor-col-50 elementor-top-column elementor-element elementor-element-bvebnga\" data-id=\"bvebnga\" data-element_type=\"column\" data-settings=\"{&quot;background_background&quot;:&quot;classic&quot;}\">\n\t\t\t<div class=\"elementor-column-wrap elementor-element-populated\">\n\t\t\t\t\t\t\t<div class=\"elementor-widget-wrap\">\n\t\t\t\t\t\t<div class=\"elementor-element elementor-element-fd0398e elementor-widget elementor-widget-text-editor\" data-id=\"fd0398e\" data-element_type=\"widget\" data-widget_type=\"text-editor.default\">\n\t\t\t\t<div class=\"elementor-widget-container\">\n\t\t\t\t\t\t\t\t<div class=\"elementor-text-editor elementor-clearfix\">\n\t\t\t\t<strong><span style=\"text-decoration: underline; color: #003366;\">OFFICE AND WAREHOUSE::<\/span><\/strong>\t\t\t\t\t<\/div>\n\t\t\t\t\t\t<\/div>\n\t\t\t\t<\/div>\n\t\t\t\t<div class=\"elementor-element elementor-element-6412ade elementor-widget elementor-widget-google_maps\" data-id=\"6412ade\" data-element_type=\"widget\" data-widget_type=\"google_maps.default\">\n\t\t\t\t<div class=\"elementor-widget-container\">\n\t\t\t\t\t<div class=\"elementor-custom-embed\">\n\t\t\t<iframe frameborder=\"0\" scrolling=\"no\" marginheight=\"0\" marginwidth=\"0\"\n\t\t\t\t\tsrc=\"https:\/\/maps.google.com\/maps?q=C%2F%20Extremadura%2023-25%2C%20Ajalvir&#038;t=m&#038;z=15&#038;output=embed&#038;iwloc=near\"\n\t\t\t\t\ttitle=\"C\/ Extremadura 23-25, Ajalvir\"\n\t\t\t\t\taria-label=\"C\/ Extremadura 23-25, Ajalvir\"\n\t\t\t><\/iframe>\n\t\t<\/div>\n\t\t\t\t<\/div>\n\t\t\t\t<\/div>\n\t\t\t\t<div class=\"elementor-element elementor-element-0a7c635 elementor-widget elementor-widget-text-editor\" data-id=\"0a7c635\" data-element_type=\"widget\" data-widget_type=\"text-editor.default\">\n\t\t\t\t<div class=\"elementor-widget-container\">\n\t\t\t\t\t\t\t\t<div class=\"elementor-text-editor elementor-clearfix\">\n\t\t\t\t<p><span style=\"color: #003366;\"><strong>C\/Extremadura, 23-25<\/strong><\/span><\/p><p><span style=\"color: #003366;\"><strong>28864\u00a0 Ajalvir, Madrid<\/strong><\/span><\/p><p><span style=\"color: #003366;\"><strong>Phone \u00a0918 844 913<\/strong><\/span><\/p><p><span style=\"color: #003366;\"><strong>Phone 902 363 894<\/strong><\/span><\/p><p><span style=\"color: #003366;\"><strong>Email &#8211; info@regacho.com<\/strong><\/span><\/p>\t\t\t\t\t<\/div>\n\t\t\t\t\t\t<\/div>\n\t\t\t\t<\/div>\n\t\t\t\t<div class=\"elementor-element elementor-element-8a4f88a elementor-widget elementor-widget-text-editor\" data-id=\"8a4f88a\" data-element_type=\"widget\" data-widget_type=\"text-editor.default\">\n\t\t\t\t<div class=\"elementor-widget-container\">\n\t\t\t\t\t\t\t\t<div class=\"elementor-text-editor elementor-clearfix\">\n\t\t\t\t\t\t\t\t\t<\/div>\n\t\t\t\t\t\t<\/div>\n\t\t\t\t<\/div>\n\t\t\t\t\t\t<\/div>\n\t\t\t\t\t<\/div>\n\t\t<\/div>\n\t\t\t\t\t\t\t\t<\/div>\n\t\t\t\t\t<\/div>\n\t\t<\/section>\n\t\t\t\t\t\t\t\t\t<\/div>\n\t\t\t<\/div>\n\t\t\t\t\t<\/div>\n\t\t","protected":false},"excerpt":{"rendered":"<p>PHONE 918 844 913 902 363 894 SEND US A E-MAIL info@regacho.com contact us OFFICE AND WAREHOUSE:: C\/Extremadura, 23-25 28864\u00a0 Ajalvir, Madrid Phone \u00a0918 844 913 Phone 902 363 894 Email &#8211; info@regacho.com<\/p>\n","protected":false},"author":1,"featured_media":0,"parent":0,"menu_order":0,"comment_status":"closed","ping_status":"closed","template":"","meta":[],"yoast_head":"<!-- This site is optimized with the Yoast SEO plugin v18.2 - https:\/\/yoast.com\/wordpress\/plugins\/seo\/ -->\n<title>Contact - REGACHO<\/title>\n<meta name=\"description\" content=\"Contacte con nosotros para resolver cualquier duda o pregunta en relaci\u00f3n a nuestros servicios. \u00a1Estaremos encantados de ayudarle!\" \/>\n<meta name=\"robots\" content=\"index, follow, max-snippet:-1, max-image-preview:large, max-video-preview:-1\" \/>\n<link rel=\"canonical\" href=\"http:\/\/regacho.es\/en\/contacto\/\" \/>\n<meta property=\"og:locale\" content=\"en_US\" \/>\n<meta property=\"og:type\" content=\"article\" \/>\n<meta property=\"og:title\" content=\"Contact - REGACHO\" \/>\n<meta property=\"og:description\" content=\"Contacte con nosotros para resolver cualquier duda o pregunta en relaci\u00f3n a nuestros servicios. \u00a1Estaremos encantados de ayudarle!\" \/>\n<meta property=\"og:url\" content=\"http:\/\/regacho.es\/en\/contacto\/\" \/>\n<meta property=\"og:site_name\" content=\"REGACHO\" \/>\n<meta property=\"article:modified_time\" content=\"2022-08-05T23:13:17+00:00\" \/>\n<meta name=\"twitter:card\" content=\"summary_large_image\" \/>\n<meta name=\"twitter:label1\" content=\"Est. reading time\" \/>\n\t<meta name=\"twitter:data1\" content=\"1 minute\" \/>\n<script type=\"application\/ld+json\" class=\"yoast-schema-graph\">{\"@context\":\"https:\/\/schema.org\",\"@graph\":[{\"@type\":\"Organization\",\"@id\":\"https:\/\/regacho.es\/#organization\",\"name\":\"REGACHO\",\"url\":\"https:\/\/regacho.es\/\",\"sameAs\":[],\"logo\":{\"@type\":\"ImageObject\",\"@id\":\"https:\/\/regacho.es\/#logo\",\"inLanguage\":\"en-US\",\"url\":\"https:\/\/regacho.es\/wp-content\/uploads\/2018\/10\/logo_peque_fin_blanco-1.png\",\"contentUrl\":\"https:\/\/regacho.es\/wp-content\/uploads\/2018\/10\/logo_peque_fin_blanco-1.png\",\"width\":250,\"height\":75,\"caption\":\"REGACHO\"},\"image\":{\"@id\":\"https:\/\/regacho.es\/#logo\"}},{\"@type\":\"WebSite\",\"@id\":\"https:\/\/regacho.es\/#website\",\"url\":\"https:\/\/regacho.es\/\",\"name\":\"REGACHO\",\"description\":\"Transporte neum\u00e1tico e Ingenier\u00eda Cl\u00ednica\",\"publisher\":{\"@id\":\"https:\/\/regacho.es\/#organization\"},\"potentialAction\":[{\"@type\":\"SearchAction\",\"target\":{\"@type\":\"EntryPoint\",\"urlTemplate\":\"https:\/\/regacho.es\/?s={search_term_string}\"},\"query-input\":\"required name=search_term_string\"}],\"inLanguage\":\"en-US\"},{\"@type\":\"WebPage\",\"@id\":\"http:\/\/regacho.es\/en\/contacto\/#webpage\",\"url\":\"http:\/\/regacho.es\/en\/contacto\/\",\"name\":\"Contact - REGACHO\",\"isPartOf\":{\"@id\":\"https:\/\/regacho.es\/#website\"},\"datePublished\":\"2017-06-27T13:03:25+00:00\",\"dateModified\":\"2022-08-05T23:13:17+00:00\",\"description\":\"Contacte con nosotros para resolver cualquier duda o pregunta en relaci\u00f3n a nuestros servicios. \u00a1Estaremos encantados de ayudarle!\",\"breadcrumb\":{\"@id\":\"http:\/\/regacho.es\/en\/contacto\/#breadcrumb\"},\"inLanguage\":\"en-US\",\"potentialAction\":[{\"@type\":\"ReadAction\",\"target\":[\"http:\/\/regacho.es\/en\/contacto\/\"]}]},{\"@type\":\"BreadcrumbList\",\"@id\":\"http:\/\/regacho.es\/en\/contacto\/#breadcrumb\",\"itemListElement\":[{\"@type\":\"ListItem\",\"position\":1,\"name\":\"Home\",\"item\":\"http:\/\/regacho.es\/en\/\"},{\"@type\":\"ListItem\",\"position\":2,\"name\":\"Contact\"}]}]}<\/script>\n<!-- \/ Yoast SEO plugin. -->","yoast_head_json":{"title":"Contact - REGACHO","description":"Contacte con nosotros para resolver cualquier duda o pregunta en relaci\u00f3n a nuestros servicios. \u00a1Estaremos encantados de ayudarle!","robots":{"index":"index","follow":"follow","max-snippet":"max-snippet:-1","max-image-preview":"max-image-preview:large","max-video-preview":"max-video-preview:-1"},"canonical":"http:\/\/regacho.es\/en\/contacto\/","og_locale":"en_US","og_type":"article","og_title":"Contact - REGACHO","og_description":"Contacte con nosotros para resolver cualquier duda o pregunta en relaci\u00f3n a nuestros servicios. \u00a1Estaremos encantados de ayudarle!","og_url":"http:\/\/regacho.es\/en\/contacto\/","og_site_name":"REGACHO","article_modified_time":"2022-08-05T23:13:17+00:00","twitter_card":"summary_large_image","twitter_misc":{"Est. reading time":"1 minute"},"schema":{"@context":"https:\/\/schema.org","@graph":[{"@type":"Organization","@id":"https:\/\/regacho.es\/#organization","name":"REGACHO","url":"https:\/\/regacho.es\/","sameAs":[],"logo":{"@type":"ImageObject","@id":"https:\/\/regacho.es\/#logo","inLanguage":"en-US","url":"https:\/\/regacho.es\/wp-content\/uploads\/2018\/10\/logo_peque_fin_blanco-1.png","contentUrl":"https:\/\/regacho.es\/wp-content\/uploads\/2018\/10\/logo_peque_fin_blanco-1.png","width":250,"height":75,"caption":"REGACHO"},"image":{"@id":"https:\/\/regacho.es\/#logo"}},{"@type":"WebSite","@id":"https:\/\/regacho.es\/#website","url":"https:\/\/regacho.es\/","name":"REGACHO","description":"Transporte neum\u00e1tico e Ingenier\u00eda Cl\u00ednica","publisher":{"@id":"https:\/\/regacho.es\/#organization"},"potentialAction":[{"@type":"SearchAction","target":{"@type":"EntryPoint","urlTemplate":"https:\/\/regacho.es\/?s={search_term_string}"},"query-input":"required name=search_term_string"}],"inLanguage":"en-US"},{"@type":"WebPage","@id":"http:\/\/regacho.es\/en\/contacto\/#webpage","url":"http:\/\/regacho.es\/en\/contacto\/","name":"Contact - REGACHO","isPartOf":{"@id":"https:\/\/regacho.es\/#website"},"datePublished":"2017-06-27T13:03:25+00:00","dateModified":"2022-08-05T23:13:17+00:00","description":"Contacte con nosotros para resolver cualquier duda o pregunta en relaci\u00f3n a nuestros servicios. \u00a1Estaremos encantados de ayudarle!","breadcrumb":{"@id":"http:\/\/regacho.es\/en\/contacto\/#breadcrumb"},"inLanguage":"en-US","potentialAction":[{"@type":"ReadAction","target":["http:\/\/regacho.es\/en\/contacto\/"]}]},{"@type":"BreadcrumbList","@id":"http:\/\/regacho.es\/en\/contacto\/#breadcrumb","itemListElement":[{"@type":"ListItem","position":1,"name":"Home","item":"http:\/\/regacho.es\/en\/"},{"@type":"ListItem","position":2,"name":"Contact"}]}]}},"_links":{"self":[{"href":"https:\/\/regacho.es\/en\/wp-json\/wp\/v2\/pages\/4261"}],"collection":[{"href":"https:\/\/regacho.es\/en\/wp-json\/wp\/v2\/pages"}],"about":[{"href":"https:\/\/regacho.es\/en\/wp-json\/wp\/v2\/types\/page"}],"author":[{"embeddable":true,"href":"https:\/\/regacho.es\/en\/wp-json\/wp\/v2\/users\/1"}],"replies":[{"embeddable":true,"href":"https:\/\/regacho.es\/en\/wp-json\/wp\/v2\/comments?post=4261"}],"version-history":[{"count":7,"href":"https:\/\/regacho.es\/en\/wp-json\/wp\/v2\/pages\/4261\/revisions"}],"predecessor-version":[{"id":4270,"href":"https:\/\/regacho.es\/en\/wp-json\/wp\/v2\/pages\/4261\/revisions\/4270"}],"wp:attachment":[{"href":"https:\/\/regacho.es\/en\/wp-json\/wp\/v2\/media?parent=4261"}],"curies":[{"name":"wp","href":"https:\/\/api.w.org\/{rel}","templated":true}]}}